{"id":36,"date":"2026-01-04T19:00:23","date_gmt":"2026-01-04T19:00:23","guid":{"rendered":"https:\/\/kamptex.de\/impressum\/"},"modified":"2026-01-25T14:50:36","modified_gmt":"2026-01-25T14:50:36","slug":"impressum","status":"publish","type":"page","link":"https:\/\/kamptex.de\/en\/impressum\/","title":{"rendered":"Impressum"},"content":{"rendered":"<div class=\"wp-block-group alignfull is-style-ext-preset--group--natural-1--section has-background-background-color has-background has-global-padding is-layout-constrained wp-container-core-group-is-layout-6150fac0 wp-block-group-is-layout-constrained\" style=\"margin-top:0;margin-bottom:0;padding-top:var(--wp--preset--spacing--70);padding-bottom:var(--wp--preset--spacing--70)\">\n<p><h1>Impressum<\/h1><br><p>Bj\u00f6rn Kampmann<br><br>Kamptex.de by Bj\u00f6rn Kampmann<br><br>Haarener Str 51<br><br>52525 Heinsberg<\/p><br><h2>Kontakt<\/h2><br><p>Telefon: 01747391501<br><br>Telefax: +49 (0) 123 44 55 99<br><br>E-Mail: info@kamptex.de<\/p><br><h2>Verbraucher\u00adstreit\u00adbeilegung\/Universal\u00adschlichtungs\u00adstelle<\/h2><br><p>Wir nehmen an einem Streitbeilegungsverfahren vor einer Verbraucherschlichtungsstelle teil. Zust\u00e4ndig<br>ist die Universalschlichtungsstelle des Zentrums f\u00fcr Schlichtung e.V., Stra\u00dfburger Stra\u00dfe 8, 77694<br>Kehl am Rhein (<a href=\"https:\/\/www.verbraucher-schlichter.de\" target=\"_blank\" rel=\"noopener noreferrer\">https:\/\/www.verbraucher-schlichter.de<\/a>).<\/p><br><h2>Zentrale Kontaktstelle nach dem Digital Services Act &#8211; DSA (Verordnung (EU) 2022\/265)<\/h2><br><p>Unsere zentrale Kontaktstelle f\u00fcr Nutzer und Beh\u00f6rden nach Art. 11, 12 DSA erreichen Sie wie<br>folgt:<\/p><br><p>E-Mail: info@kamptex.de<br><br>Telefon: 01747391501<br><\/p><br><p>Sonstige Kontaktwege:<br><br>Bj\u00f6rn Kampmann<br><br>Haarener Str 51<br><br>52525 Heinsberg<\/p><br><p>Die f\u00fcr den Kontakt zur Verf\u00fcgung stehenden Sprachen sind: Deutsch, Englisch.<\/p><br><p>Quelle: <a href=\"https:\/\/www.e-recht24.de\/impressum-generator.html\" target=\"_blank\" rel=\"noopener\">https:\/\/www.e-recht24.de\/impressum-<br>generator.html<\/a><\/p><\/p>\n<\/div>","protected":false},"excerpt":{"rendered":"<p>Impressum Bj\u00f6rn Kampmann Kamptex.de by Bj\u00f6rn Kampmann Haarener Str 51 52525 Heinsberg Kontakt Telefon: 01747391501 Telefax: +49 (0) 123 44 55 99 E-Mail: info@kamptex.de Verbraucher\u00adstreit\u00adbeilegung\/Universal\u00adschlichtungs\u00adstelle Wir nehmen an einem Streitbeilegungsverfahren vor einer Verbraucherschlichtungsstelle teil. Zust\u00e4ndigist die Universalschlichtungsstelle des Zentrums f\u00fcr Schlichtung e.V., Stra\u00dfburger Stra\u00dfe 8, 77694Kehl am Rhein (https:\/\/www.verbraucher-schlichter.de). Zentrale Kontaktstelle nach dem Digital Services [&hellip;]<\/p>\n","protected":false},"author":1,"featured_media":0,"parent":0,"menu_order":0,"comment_status":"closed","ping_status":"closed","template":"page-with-title","meta":{"_monsterinsights_skip_tracking":false,"_monsterinsights_sitenote_active":false,"_monsterinsights_sitenote_note":"","_monsterinsights_sitenote_category":0,"footnotes":""},"class_list":["post-36","page","type-page","status-publish","hentry"],"jetpack_sharing_enabled":true,"_links":{"self":[{"href":"https:\/\/kamptex.de\/en\/wp-json\/wp\/v2\/pages\/36","targetHints":{"allow":["GET"]}}],"collection":[{"href":"https:\/\/kamptex.de\/en\/wp-json\/wp\/v2\/pages"}],"about":[{"href":"https:\/\/kamptex.de\/en\/wp-json\/wp\/v2\/types\/page"}],"author":[{"embeddable":true,"href":"https:\/\/kamptex.de\/en\/wp-json\/wp\/v2\/users\/1"}],"replies":[{"embeddable":true,"href":"https:\/\/kamptex.de\/en\/wp-json\/wp\/v2\/comments?post=36"}],"version-history":[{"count":3,"href":"https:\/\/kamptex.de\/en\/wp-json\/wp\/v2\/pages\/36\/revisions"}],"predecessor-version":[{"id":177,"href":"https:\/\/kamptex.de\/en\/wp-json\/wp\/v2\/pages\/36\/revisions\/177"}],"wp:attachment":[{"href":"https:\/\/kamptex.de\/en\/wp-json\/wp\/v2\/media?parent=36"}],"curies":[{"name":"wp","href":"https:\/\/api.w.org\/{rel}","templated":true}]}}